{"id":2780,"date":"2017-05-29T09:35:07","date_gmt":"2017-05-29T09:35:07","guid":{"rendered":"https:\/\/stherzl.com\/impressum\/"},"modified":"2023-06-19T17:50:38","modified_gmt":"2023-06-19T15:50:38","slug":"impressum","status":"publish","type":"page","link":"https:\/\/stherzl.com\/it\/impressum\/","title":{"rendered":"Impressum"},"content":{"rendered":"<p><section id=\"bt_bb_section69faff2e84907\" class=\"bt_bb_section bt_bb_color_scheme_1 bt_bb_layout_boxed_1200 bt_bb_vertical_align_top bt_bb_top_spacing_large\" style=\"; --section-primary-color:#ffffff; --section-secondary-color:#191919;;background-color:#efefef;\" data-bt-override-class=\"null\"><div class=\"bt_bb_port\"><div class=\"bt_bb_cell\"><div class=\"bt_bb_cell_inner\"><div class=\"bt_bb_row \"  data-bt-override-class=\"{}\"><div class=\"bt_bb_row_holder\" ><div  class=\"bt_bb_column col-xxl-12 col-xl-12 bt_bb_vertical_align_top bt_bb_align_center bt_bb_padding_normal\" style=\"; --column-width:12;\" data-width=\"12\" data-bt-override-class=\"{}\"><div class=\"bt_bb_column_content\"><div class=\"bt_bb_column_content_inner\"><div class=\"bt_bb_image bt_bb_shape_square bt_bb_target_self bt_bb_align_inherit bt_bb_hover_style_simple bt_bb_content_display_always bt_bb_content_exists\" data-bt-override-class=\"{}\"><span><img fetchpriority=\"high\" decoding=\"async\" width=\"1920\" height=\"820\" src=\"https:\/\/stherzl.com\/wp-content\/uploads\/2017\/05\/hero_beer_glasses.jpg\" class=\"attachment-full size-full\" alt=\"https:\/\/stherzl.com\/wp-content\/uploads\/2017\/05\/hero_beer_glasses.jpg\" data-full_image_src=\"https:\/\/stherzl.com\/wp-content\/uploads\/2017\/05\/hero_beer_glasses.jpg\" title=\"Birra Stherzl Bier\" loading=\"eager\" srcset=\"https:\/\/stherzl.com\/wp-content\/uploads\/2017\/05\/hero_beer_glasses.jpg 1920w, https:\/\/stherzl.com\/wp-content\/uploads\/2017\/05\/hero_beer_glasses-640x273.jpg 640w, https:\/\/stherzl.com\/wp-content\/uploads\/2017\/05\/hero_beer_glasses-1280x547.jpg 1280w, https:\/\/stherzl.com\/wp-content\/uploads\/2017\/05\/hero_beer_glasses-768x328.jpg 768w, https:\/\/stherzl.com\/wp-content\/uploads\/2017\/05\/hero_beer_glasses-1536x656.jpg 1536w, https:\/\/stherzl.com\/wp-content\/uploads\/2017\/05\/hero_beer_glasses-320x137.jpg 320w\" sizes=\"(max-width: 1920px) 100vw, 1920px\" \/><\/span><div class=\"bt_bb_image_content\" ><div class=\"bt_bb_image_content_flex\"><div class=\"bt_bb_image_content_inner\"><header data-bb-version=\"4.5.6\" class=\"bt_bb_headline bt_bb_font_weight_bolder bt_bb_subheadline_text_transform_default bt_bb_color_scheme_6 bt_bb_dash_none bt_bb_size_normal bt_bb_align_inherit\" style=\"; --primary-color:#ffffff; --secondary-color:#B28564;\" data-bt-override-class=\"{&quot;bt_bb_size_&quot;:{&quot;current_class&quot;:&quot;bt_bb_size_normal&quot;,&quot;xxl&quot;:&quot;normal&quot;},&quot;bt_bb_align_&quot;:{&quot;current_class&quot;:&quot;bt_bb_align_inherit&quot;,&quot;xxl&quot;:&quot;inherit&quot;}}\"><h1 class=\"bt_bb_headline_tag\"><span class=\"bt_bb_headline_content\"><span>IMPRESSUM<\/span><\/span><\/h1><\/header><\/div><\/div><\/div><\/div><div class=\"bt_bb_separator bt_bb_border_style_none bt_bb_bottom_spacing_normal\" data-bt-override-class=\"null\"><\/div><\/div><\/div><\/div><\/div><\/div><\/div><!-- cell_inner --><\/div><!-- cell --><\/div><!-- port --><\/section><section id=\"bt_bb_section69faff2e84c78\" class=\"bt_bb_section bt_bb_layout_boxed_1000 bt_bb_vertical_align_top bt_bb_top_spacing_large bt_bb_bottom_spacing_medium\"  data-bt-override-class=\"null\"><div class=\"bt_bb_port\"><div class=\"bt_bb_cell\"><div class=\"bt_bb_cell_inner\"><div class=\"bt_bb_row \"  data-bt-override-class=\"{}\"><div class=\"bt_bb_row_holder\" ><div  class=\"bt_bb_column col-xxl-3 col-xl-3 bt_bb_vertical_align_top bt_bb_align_center bt_bb_padding_normal\" style=\"; --column-width:3;\" data-width=\"3\" data-bt-override-class=\"{}\"><div class=\"bt_bb_column_content\"><div class=\"bt_bb_column_content_inner\"><\/div><\/div><\/div><div  class=\"bt_bb_column col-xxl-6 col-xl-6 bt_bb_vertical_align_top bt_bb_align_center bt_bb_padding_normal bt_bb_animation_fade_in animate\" style=\"; --column-width:6;\" data-width=\"6\" data-bt-override-class=\"{}\"><div class=\"bt_bb_column_content\"><div class=\"bt_bb_column_content_inner\"><header data-bb-version=\"4.5.6\" class=\"bt_bb_headline bt_bb_subheadline_text_transform_default bt_bb_color_scheme_5 bt_bb_dash_none bt_bb_subheadline bt_bb_size_medium bt_bb_align_inherit\" style=\"; --primary-color:#191919; --secondary-color:#B28564;\" data-bt-override-class=\"{&quot;bt_bb_size_&quot;:{&quot;current_class&quot;:&quot;bt_bb_size_medium&quot;,&quot;xxl&quot;:&quot;medium&quot;},&quot;bt_bb_align_&quot;:{&quot;current_class&quot;:&quot;bt_bb_align_inherit&quot;,&quot;xxl&quot;:&quot;inherit&quot;}}\"><h2 class=\"bt_bb_headline_tag\"><span class=\"bt_bb_headline_content\"><span>IMPRESSUM &amp; PRIVACY<\/span><\/span><\/h2><div class=\"bt_bb_headline_subheadline\">Birra STHERZL srls<\/div><\/header><div class=\"bt_bb_separator bt_bb_border_style_none bt_bb_top_spacing_medium\" data-bt-override-class=\"null\"><\/div><div data-bb-version=\"4.5.6\" class=\" bt_bb_row_inner\"   data-bt-override-class=\"{}\"><div class=\"bt_bb_row_inner_holder\"  ><div data-bb-version=\"4.5.6\"  class=\"bt_bb_column_inner col-xxl-6 col-xl-6 col-xs-12 col-sm-6 col-md-6 col-lg-6 bt_bb_vertical_align_top bt_bb_align_left bt_bb_padding_normal\"  data-width=\"6\" data-bt-override-class=\"{}\"><div class=\"bt_bb_column_inner_content\"><div data-bb-version=\"4.5.6\"  class=\"bt_bb_text\" ><\/p>\n<p><strong>Responsabile per i contenuti<br \/>\n<\/strong><br \/>\nSTHERZL srls<br \/>\nvia Stazione 8<br \/>\nI-39049 Vipiteno (BZ)<\/p>\n<p>Part. IVA: IT03177570219<br \/>\nCodice Destinataro: USAL9PV<\/p>\n<p>\n<\/div><\/div><\/div><div data-bb-version=\"4.5.6\"  class=\"bt_bb_column_inner col-xxl-6 col-xl-6 col-xs-12 col-sm-6 col-md-6 col-lg-6 bt_bb_vertical_align_top bt_bb_align_left bt_bb_padding_normal\"  data-width=\"6\" data-bt-override-class=\"{}\"><div class=\"bt_bb_column_inner_content\"><div data-bb-version=\"4.5.6\"  class=\"bt_bb_text\" ><\/p>\n<p><strong>Programmazione &amp; Hosting<br \/>\n<\/strong><br \/>\n<a href=\"https:\/\/studio-creation.it\">Studio Creation<\/a><br \/>\nVia Citt\u00e0 Nuova 20A<br \/>\nI-39049 Vipiteno<br \/>\n<a href=\"https:\/\/studio-creation.it\">www.studio-creation.it<\/a><\/p>\n<p>\n<\/div><\/div><\/div><\/div><\/div><\/div><\/div><\/div><div  class=\"bt_bb_column col-xxl-3 col-xl-3 bt_bb_vertical_align_top bt_bb_align_center bt_bb_padding_normal\" style=\"; --column-width:3;\" data-width=\"3\" data-bt-override-class=\"{}\"><div class=\"bt_bb_column_content\"><div class=\"bt_bb_column_content_inner\"><\/div><\/div><\/div><\/div><\/div><\/div><!-- cell_inner --><\/div><!-- cell --><\/div><!-- port --><\/section><section id=\"bt_bb_section69faff2e84fbe\" class=\"bt_bb_section bt_bb_color_scheme_12 bt_bb_layout_boxed_1200 bt_bb_vertical_align_top bt_bb_top_spacing_large bt_bb_bottom_spacing_large\" style=\"; --section-primary-color:#181818; --section-secondary-color:#efefef;\" data-bt-override-class=\"null\"><div class=\"bt_bb_port\"><div class=\"bt_bb_cell\"><div class=\"bt_bb_cell_inner\"><div class=\"bt_bb_row \"  data-bt-override-class=\"{}\"><div class=\"bt_bb_row_holder\" ><div  class=\"bt_bb_column col-xxl-12 col-xl-12 col-xs-12 col-sm-12 col-md-12 col-lg-12 bt_bb_vertical_align_middle bt_bb_align_left bt_bb_padding_double bt_bb_animation_fade_in animate\" style=\"; --column-width:12;\" data-width=\"12\" data-bt-override-class=\"{}\"><div class=\"bt_bb_column_content\"><div class=\"bt_bb_column_content_inner\"><header data-bb-version=\"4.5.6\" class=\"bt_bb_headline bt_bb_subheadline_text_transform_default bt_bb_color_scheme_5 bt_bb_dash_none bt_bb_subheadline bt_bb_size_normal bt_bb_align_inherit\" style=\"; --primary-color:#191919; --secondary-color:#B28564;\" data-bt-override-class=\"{&quot;bt_bb_size_&quot;:{&quot;current_class&quot;:&quot;bt_bb_size_normal&quot;,&quot;xxl&quot;:&quot;normal&quot;},&quot;bt_bb_align_&quot;:{&quot;current_class&quot;:&quot;bt_bb_align_inherit&quot;,&quot;xxl&quot;:&quot;inherit&quot;}}\"><h2 class=\"bt_bb_headline_tag\"><span class=\"bt_bb_headline_content\"><span>Privacy<\/span><\/span><\/h2><div class=\"bt_bb_headline_subheadline\">per l\u2019utilizzo di Google Analytics<\/div><\/header><div class=\"bt_bb_separator bt_bb_border_style_none bt_bb_top_spacing_medium\" data-bt-override-class=\"null\"><\/div><div  class=\"bt_bb_text\" ><\/p>\n<p>Questo sito web utilizza Google Analytics, un servizio di analisi web fornito da Google, Inc. (\u201cGoogle\u201d). Google Analytics utilizza dei \u201ccookie\u201d, che sono file di testo che vengono depositati sul Vostro computer per consentire al sito web di analizzare come gli utenti utilizzano il sito. Le informazioni generate dal cookie sull\u2019utilizzo del sito Web (compreso il tuo indirizzo IP) verranno trasmesse e archiviate da Google su server negli Stati Uniti. Google utilizzer\u00e0 queste informazioni allo scopo di esaminare il tuo utilizzo del sito web, compilare report sulle attivit\u00e0 del sito web per gli operatori del sito web e fornire altri servizi relativi alle attivit\u00e0 del sito web e all\u2019utilizzo di Internet. Google pu\u00f2 anche trasferire queste informazioni a terzi ove ci\u00f2 sia imposto dalla legge o laddove tali terzi trattino le suddette informazioni per conto di Google. Google non assocer\u00e0 il tuo indirizzo IP a nessun altro dato posseduto da Google. Puoi rifiutare l\u2019uso dei cookie selezionando le impostazioni appropriate sul tuo browser, tuttavia tieni presente che se lo fai potresti non essere in grado di utilizzare tutte le funzionalit\u00e0 di questo sito web. Utilizzando questo sito Web, acconsenti al trattamento dei dati su di te da parte di Google secondo le modalit\u00e0 e per le finalit\u00e0 sopra indicate.<\/p>\n<p>Cookie policy Google Analytics: https:\/\/www.google.com\/intl\/it\/policies\/privacy\/<\/p>\n<p>Informazione obbligatoria ai sensi del Regolamento UE n. 524\/2016 del Parlamento europeo e del Consiglio Piattaforma per la risoluzione delle controversie online dei consumatori (ODR) della Commissione europea: https:\/\/ec.europa.eu\/consumers\/odr\/<\/p>\n<p>\n<\/div><div class=\"bt_bb_separator bt_bb_border_style_none bt_bb_bottom_spacing_medium\" data-bt-override-class=\"null\"><\/div><div data-bb-version=\"4.5.6\" class=\"bt_bb_button borlabs-cookie-preference bt_bb_icon_position_left bt_bb_style_outline bt_bb_size_small bt_bb_width_inline bt_bb_shape_inherit bt_bb_target_self bt_bb_text_transform_inherit bt_bb_align_inherit\" data-bt-override-class=\"{&quot;bt_bb_size_&quot;:{&quot;current_class&quot;:&quot;bt_bb_size_small&quot;,&quot;xxl&quot;:&quot;small&quot;},&quot;bt_bb_align_&quot;:{&quot;current_class&quot;:&quot;bt_bb_align_inherit&quot;,&quot;xxl&quot;:&quot;inherit&quot;}}\"><a href=\"#\" target=\"_self\" class=\"bt_bb_link\" title=\"Le tue impostazioni privacy\"><span class=\"bt_bb_button_text\" >Le tue impostazioni privacy<\/span><\/a><\/div><\/div><\/div><\/div><\/div><\/div><\/div><!-- cell_inner --><\/div><!-- cell --><\/div><!-- port --><\/section><section data-bb-version=\"4.5.6\" id=\"bt_bb_section69faff2e851e4\" class=\"bt_bb_section bt_bb_color_scheme_12 bt_bb_layout_boxed_1200 bt_bb_vertical_align_top bt_bb_top_spacing_large bt_bb_bottom_spacing_large\" style=\"; --section-primary-color:#181818; --section-secondary-color:#efefef;;background-color:rgb(255,255,255);\" data-bt-override-class=\"{&quot;bt_bb_top_spacing_&quot;:{&quot;current_class&quot;:&quot;bt_bb_top_spacing_large&quot;,&quot;xxl&quot;:&quot;large&quot;},&quot;bt_bb_bottom_spacing_&quot;:{&quot;current_class&quot;:&quot;bt_bb_bottom_spacing_large&quot;,&quot;xxl&quot;:&quot;large&quot;}}\"><div class=\"bt_bb_port\"><div class=\"bt_bb_cell\"><div class=\"bt_bb_cell_inner\"><div class=\"bt_bb_row \"  data-bt-override-class=\"{}\"><div class=\"bt_bb_row_holder\" ><div  class=\"bt_bb_column col-xxl-12 col-xl-12 col-xs-12 col-sm-12 col-md-12 col-lg-12 bt_bb_vertical_align_middle bt_bb_align_left bt_bb_padding_double bt_bb_animation_fade_in animate\" style=\"; --column-width:12;\" data-width=\"12\" data-bt-override-class=\"{}\"><div class=\"bt_bb_column_content\"><div class=\"bt_bb_column_content_inner\"><header data-bb-version=\"4.5.6\" class=\"bt_bb_headline bt_bb_subheadline_text_transform_default bt_bb_color_scheme_5 bt_bb_dash_none bt_bb_subheadline bt_bb_size_normal bt_bb_align_inherit\" style=\"; --primary-color:#191919; --secondary-color:#B28564;\" data-bt-override-class=\"{&quot;bt_bb_size_&quot;:{&quot;current_class&quot;:&quot;bt_bb_size_normal&quot;,&quot;xxl&quot;:&quot;normal&quot;},&quot;bt_bb_align_&quot;:{&quot;current_class&quot;:&quot;bt_bb_align_inherit&quot;,&quot;xxl&quot;:&quot;inherit&quot;}}\"><h2 class=\"bt_bb_headline_tag\"><span class=\"bt_bb_headline_content\"><span>Links e contenuti<\/span><\/span><\/h2><div class=\"bt_bb_headline_subheadline\">Disclaimer<\/div><\/header><div class=\"bt_bb_separator bt_bb_border_style_none bt_bb_top_spacing_medium\" data-bt-override-class=\"null\"><\/div><div  class=\"bt_bb_text\" ><\/p>\n<p>Sottolineamo che non abbiamo nessuna influenza sui contenuti e sulla programmazione grafica di tutte le pagine che sono collegate tramite link da questa pagina. Per questo motivo non ci prendiamo nessuna responsabilit\u00e0 e non garantiamo in alcun modo per i contenuti delle pagine collegate. Ci distanziamo quindi in modo assoluto da ogni tipo di contenuto, che potrebbe non corrispondere alla nostra opinione. Non abbiamo nessuna influenza sui contenuti dei siti web che sono collegati (tramite link) da questo sito. Non ci assumiamo quindi nessuna responsabilit\u00e0 per i contenuti di questi siti web.<\/p>\n<p><strong>Avvertenze su Google Analytics<br \/>\n<\/strong>Avvertiamo, che su questo sito \u00e8 in uso Google Analytics, un servizio analitico della Google Inc. (\u201cGoogle\u201d).<\/p>\n<p>\n<\/div><div class=\"bt_bb_separator bt_bb_border_style_none bt_bb_bottom_spacing_medium\" data-bt-override-class=\"null\"><\/div><\/div><\/div><\/div><\/div><\/div><\/div><!-- cell_inner --><\/div><!-- cell --><\/div><!-- port --><\/section><section id=\"bt_bb_section69faff2e853b1\" class=\"bt_bb_section bt_bb_color_scheme_12 bt_bb_layout_boxed_1200 bt_bb_vertical_align_top bt_bb_top_spacing_large bt_bb_bottom_spacing_large\" style=\"; --section-primary-color:#181818; --section-secondary-color:#efefef;\" data-bt-override-class=\"null\"><div class=\"bt_bb_port\"><div class=\"bt_bb_cell\"><div class=\"bt_bb_cell_inner\"><div class=\"bt_bb_row \"  data-bt-override-class=\"{}\"><div class=\"bt_bb_row_holder\" ><div  class=\"bt_bb_column col-xxl-12 col-xl-12 col-xs-12 col-sm-12 col-md-12 col-lg-12 bt_bb_vertical_align_middle bt_bb_align_left bt_bb_padding_double bt_bb_animation_fade_in animate\" style=\"; --column-width:12;\" data-width=\"12\" data-bt-override-class=\"{}\"><div class=\"bt_bb_column_content\"><div class=\"bt_bb_column_content_inner\"><header data-bb-version=\"4.5.6\" class=\"bt_bb_headline bt_bb_subheadline_text_transform_default bt_bb_color_scheme_5 bt_bb_dash_none bt_bb_subheadline bt_bb_size_normal bt_bb_align_inherit\" style=\"; --primary-color:#191919; --secondary-color:#B28564;\" data-bt-override-class=\"{&quot;bt_bb_size_&quot;:{&quot;current_class&quot;:&quot;bt_bb_size_normal&quot;,&quot;xxl&quot;:&quot;normal&quot;},&quot;bt_bb_align_&quot;:{&quot;current_class&quot;:&quot;bt_bb_align_inherit&quot;,&quot;xxl&quot;:&quot;inherit&quot;}}\"><h2 class=\"bt_bb_headline_tag\"><span class=\"bt_bb_headline_content\"><span>Privacy<\/span><\/span><\/h2><div class=\"bt_bb_headline_subheadline\">Informativa ai sensi del D.Lgs. 30\/06\/2003 n.196 \u201cCodice Privacy\u201d<\/div><\/header><div class=\"bt_bb_separator bt_bb_border_style_none bt_bb_top_spacing_medium\" data-bt-override-class=\"null\"><\/div><div  class=\"bt_bb_text\" ><\/p>\n<p>Ai sensi dell\u2019art. 13, Dlgs 30 giugno 2003 n. 196 INFORMIAMO che SinfoTel Soc.Coop.ar.l. tratta dati personali di clienti e di fornitori e di soggetti che comunicano volontariamente (telefonicamente o via fax o via eMail o tramite registrazione sul nostro sito web) i loro dati anagrafici alla nostra azienda, e di soggetti i cui dati sono stati raccolti presso terzi in occasione, ad esempio, di operazione di acquisizione di dati esterni per informazioni commerciali, elenchi pubblici ecc., nell\u2019ultimo caso trattasi esclusivamente di dati personali di natura comune.<\/p>\n<p>La nostra residence garantisce nell\u2019ambito delle previsioni normative che il trattamento dei dati personali si svolge nel rispetto dei diritti e delle libert\u00e0 fondamentali, nonch\u00e9 della dignit\u00e0 dell\u2019interessato, con particolare riferimento alla riservatezza, all\u2019identit\u00e0 personale e al diritto alla protezione dei dati personali.<\/p>\n<p><strong>Finalit\u00e0 del trattamento:<\/strong><\/p>\n<ul>\n<li>adempiere agli obblighi di legge, dai regolamenti, dalla normativa comunitaria, da norme civilistiche e fiscali<\/li>\n<li>adempiere agli eventuali obblighi contrattuali nei confronti del interessato<\/li>\n<li>adempiere ad attivit\u00e0 connesse all\u2019attivit\u00e0 economica della nostra societ\u00e0, come compilazione delle anagrafiche e statistiche interne, per la fatturazione, la tenuta della contabilit\u00e0 clienti-fornitori<\/li>\n<li>finalit\u00e0 di tipo commerciale, come invio di informazioni commerciali e materiale pubblicitario (via posta, fax ed e-mail), di marketing e ricerche di mercato<\/li>\n<li>la tutela dei crediti e la gestione dei debiti<\/li>\n<li>finalit\u00e0 assicurative, in particolare per assicurazioni crediti<\/li>\n<li>Ambito di comunicazione e diffusione:<\/li>\n<li>In relazione alle finalit\u00e0 di cui sopra i Suoi dati personali verranno comunicati se necessario:<\/li>\n<\/ul>\n<p><strong>Alle Pubbliche Amministrazioni ed Autorit\u00e0, ove previsto dalla legge<\/strong><\/p>\n<ul>\n<li>ad Istituti di credito con i quali la ns. ditta ha rapporti per la gestione dei crediti\/debiti e l\u2019intermediazione finanziaria<\/li>\n<li>a tutte quelle persone fisiche e\/o giuridiche, pubbliche e\/o private (studi di consulenza legale, amministrativa e fiscale, uffici giudiziari, Camere di Commercio ecc.), quando la comunicazione risulti necessaria o funzionale allo svolgimento della nostra attivit\u00e0<\/li>\n<li>a fornitori\/produttori al fine di registrare i prodotti.<\/li>\n<li>I dati personali trattati dalla nostra societ\u00e0 non sono soggetti a diffusione.<\/li>\n<\/ul>\n<p><strong>Modalit\u00e0 di trattamento:<br \/>\n<\/strong><br \/>\nIl trattamento potr\u00e0 effettuarsi con o senza l\u2019ausilio di mezzi elettronici e comunque automatizzati e comprender\u00e0 tutte le operazioni previste all\u2019art. 4 comma 1, lettera a, Dlgs. 30 giugno 2003 n. 196 e necessarie al trattamento in questione. Comunque il trattamento sar\u00e0 effettuato nell\u2019osservanza di ogni misura cautelativa, che ne garantisca la sicurezza e la riservatezza.<\/p>\n<p><strong>Dati di navigazione Internet:<\/strong><\/p>\n<p>I sistemi informatici e le procedure software preposte al funzionamento del sito web stherzl.com acquisiscono, nel corso del loro normale esercizio, alcuni dati personali, la cui trasmissione \u00e8 implicita nell\u2019uso dei protocolli di comunicazione di Internet.<\/p>\n<p>Si tratta di informazioni che non sono raccolte per essere associate a interessati identificati, ma che per loro stessa natura potrebbero, attraverso elaborazioni ed associazioni con dati detenuti da terzi, permettere di identificare gli utenti. In questa categoria di dati rientrano gli indirizzi IP o i nomi di dominio dei computer utilizzati dagli utenti che si connettono al sito, gli indirizzi in notazione URI (Uniform Resource Identifier) delle risorse richieste, l\u2019orario della richiesta ed altri parametri relativi al sistema operativo e all\u2019ambiente informatico dell\u2019utente.<\/p>\n<p>Questi dati vengono utilizzati al solo fine di ricavare informazioni statistiche anonime sull\u2019uso del sito e per controllarne il corretto funzionamento. I dati in questione potrebbero essere utilizzati per l\u2019accertamento di responsabilit\u00e0 in caso di eventuali reati informatici ai danni del nostro sito.<\/p>\n<p><strong>Diritti dell\u2019interessato:<\/strong><\/p>\n<p>Il Codice della Privacy conferisce agli interessati l\u2019esercizio di specifici diritti di cui all\u2019art. 7. In particolare pu\u00f2 ottenere dal titolare la conferma dell\u2019esistenza o meno di propri dati personali che lo riguardano e la loro comunicazione in forma intelligibile. L\u2019interessato pu\u00f2 altres\u00ec chiedere di conoscere l\u2019origine dei dati, le finalit\u00e0 e modalit\u00e0 del trattamento nonch\u00e9 la logica applicata in caso trattamento effettuato con l\u2019ausilio di strumenti elettronici, l\u2019identificazione degli estremi identificativi del titolare, dei responsabili nominati e dei soggetti e categorie di soggetti ai quali i dati possono essere comunicati o che possono venire a conoscenza.<\/p>\n<p>L\u2019interessato ha il diritto di ottenere l\u2019aggiornamento, la rettificazione e l\u2019integrazione, ovvero la cancellazione, la trasformazione in via anonima o il blocco dei dati trattati in violazione di legge. L\u2019interessato ha diritto di opporsi, in tutto o in parte, per motivi legittimi, al trattamento dei dati personali che lo riguardano, e senza motivo al trattamento dei dati che lo riguardano a fini di invio di materiale pubblicitario o di vendita diretta o per il compimento di ricerche di mercato o di comunicazione commerciale.<\/p>\n<p>I diritti in oggetto possono essere esercitati, anche per il tramite di un incaricato, mediante richiesta rivolta al responsabile del trattamento nominato \u2013 Via Stazione 8 | I-39049 Vipiteno \u2013 con lettera raccomandata o Mail all\u2019indirizzo <a href=\"mailto:stherzlbier@gmail.com\">stherzlbier@gmail.com<\/a><\/p>\n<p>\n<\/div><div class=\"bt_bb_separator bt_bb_border_style_none bt_bb_bottom_spacing_medium\" data-bt-override-class=\"null\"><\/div><\/div><\/div><\/div><\/div><\/div><\/div><!-- cell_inner --><\/div><!-- cell --><\/div><!-- port --><\/section><\/p>\n","protected":false},"excerpt":{"rendered":"","protected":false},"author":1,"featured_media":2437,"parent":0,"menu_order":0,"comment_status":"closed","ping_status":"closed","template":"","meta":{"footnotes":""},"class_list":["post-2780","page","type-page","status-publish","has-post-thumbnail","hentry"],"_links":{"self":[{"href":"https:\/\/stherzl.com\/it\/wp-json\/wp\/v2\/pages\/2780","targetHints":{"allow":["GET"]}}],"collection":[{"href":"https:\/\/stherzl.com\/it\/wp-json\/wp\/v2\/pages"}],"about":[{"href":"https:\/\/stherzl.com\/it\/wp-json\/wp\/v2\/types\/page"}],"author":[{"embeddable":true,"href":"https:\/\/stherzl.com\/it\/wp-json\/wp\/v2\/users\/1"}],"replies":[{"embeddable":true,"href":"https:\/\/stherzl.com\/it\/wp-json\/wp\/v2\/comments?post=2780"}],"version-history":[{"count":5,"href":"https:\/\/stherzl.com\/it\/wp-json\/wp\/v2\/pages\/2780\/revisions"}],"predecessor-version":[{"id":2802,"href":"https:\/\/stherzl.com\/it\/wp-json\/wp\/v2\/pages\/2780\/revisions\/2802"}],"wp:featuredmedia":[{"embeddable":true,"href":"https:\/\/stherzl.com\/it\/wp-json\/wp\/v2\/media\/2437"}],"wp:attachment":[{"href":"https:\/\/stherzl.com\/it\/wp-json\/wp\/v2\/media?parent=2780"}],"curies":[{"name":"wp","href":"https:\/\/api.w.org\/{rel}","templated":true}]}}